{"id":36,"date":"2020-03-24T16:52:14","date_gmt":"2020-03-24T16:52:14","guid":{"rendered":"https:\/\/bbqlabor.ee\/?page_id=36"},"modified":"2022-10-30T14:49:44","modified_gmt":"2022-10-30T14:49:44","slug":"kala-koogivili","status":"publish","type":"page","link":"https:\/\/bbqlabor.ee\/?page_id=36","title":{"rendered":"Kala\/k\u00f6\u00f6givili"},"content":{"rendered":"\n<figure class=\"wp-block-image size-medium\"><img loading=\"lazy\" decoding=\"async\" width=\"300\" height=\"225\" src=\"https:\/\/bbqlabor.ee\/wp-content\/uploads\/2020\/03\/IMG_20180721_141712-300x225.jpg\" alt=\"\" class=\"wp-image-52\" srcset=\"https:\/\/bbqlabor.ee\/wp-content\/uploads\/2020\/03\/IMG_20180721_141712-300x225.jpg 300w, https:\/\/bbqlabor.ee\/wp-content\/uploads\/2020\/03\/IMG_20180721_141712-1024x768.jpg 1024w, https:\/\/bbqlabor.ee\/wp-content\/uploads\/2020\/03\/IMG_20180721_141712-768x576.jpg 768w, https:\/\/bbqlabor.ee\/wp-content\/uploads\/2020\/03\/IMG_20180721_141712-1536x1152.jpg 1536w, https:\/\/bbqlabor.ee\/wp-content\/uploads\/2020\/03\/IMG_20180721_141712-2048x1536.jpg 2048w\" sizes=\"auto, (max-width: 300px) 100vw, 300px\" \/><\/figure>\n\n\n\n<ul class=\"wp-block-list\"><li>L\u00f5hefilee \u0161a\u0161l\u00f5kk mango-jalapenomarinaadis &#8211; 18eur\/kg<\/li><li>Sidrunine BBQ marinaadis v\u00f5ikala steigid &#8211; 18eur\/kg<\/li><li>BBQ marinaadis aedvilja assortii (\u0161a\u0161l\u00f5kk) &#8211; 10eur\/kg (paprika, tsukiini, baklazaan, porru) <\/li><\/ul>\n","protected":false},"excerpt":{"rendered":"<p>L\u00f5hefilee \u0161a\u0161l\u00f5kk mango-jalapenomarinaadis &#8211; 18eur\/kg Sidrunine BBQ marinaadis v\u00f5ikala steigid &#8211; 18eur\/kg BBQ marinaadis aedvilja assortii (\u0161a\u0161l\u00f5kk) &#8211; 10eur\/kg (paprika, tsukiini, baklazaan, porru)<\/p>\n","protected":false},"author":1,"featured_media":0,"parent":0,"menu_order":0,"comment_status":"closed","ping_status":"closed","template":"","meta":{"footnotes":""},"class_list":["post-36","page","type-page","status-publish","hentry"],"_links":{"self":[{"href":"https:\/\/bbqlabor.ee\/index.php?rest_route=\/wp\/v2\/pages\/36","targetHints":{"allow":["GET"]}}],"collection":[{"href":"https:\/\/bbqlabor.ee\/index.php?rest_route=\/wp\/v2\/pages"}],"about":[{"href":"https:\/\/bbqlabor.ee\/index.php?rest_route=\/wp\/v2\/types\/page"}],"author":[{"embeddable":true,"href":"https:\/\/bbqlabor.ee\/index.php?rest_route=\/wp\/v2\/users\/1"}],"replies":[{"embeddable":true,"href":"https:\/\/bbqlabor.ee\/index.php?rest_route=%2Fwp%2Fv2%2Fcomments&post=36"}],"version-history":[{"count":6,"href":"https:\/\/bbqlabor.ee\/index.php?rest_route=\/wp\/v2\/pages\/36\/revisions"}],"predecessor-version":[{"id":358,"href":"https:\/\/bbqlabor.ee\/index.php?rest_route=\/wp\/v2\/pages\/36\/revisions\/358"}],"wp:attachment":[{"href":"https:\/\/bbqlabor.ee\/index.php?rest_route=%2Fwp%2Fv2%2Fmedia&parent=36"}],"curies":[{"name":"wp","href":"https:\/\/api.w.org\/{rel}","templated":true}]}}